{"id":19,"date":"2024-05-15T09:09:40","date_gmt":"2024-05-15T06:09:40","guid":{"rendered":"http:\/\/31.217.193.150\/~stafettk\/?page_id=19"},"modified":"2026-04-08T07:01:05","modified_gmt":"2026-04-08T04:01:05","slug":"anmalningstjansten","status":"publish","type":"page","link":"https:\/\/www.stafettkarnevalen.fi\/?page_id=19","title":{"rendered":"Anm\u00e4lningstj\u00e4nsten"},"content":{"rendered":"\n<p>Anm\u00e4lningstj\u00e4nsten \u00f6ppnar <span style=\"color:#ff0000\">27.3.2026.<\/span><\/p>\n\n\n\n<p>Laganm\u00e4lningarna och best\u00e4llningar av mat och logi skall vara inmatade <span style=\"color: #ff0000\">senast p\u00e5 s\u00f6ndag 19.4.2026<\/span>.<\/p>\n\n\n\n<p>Vi meddelar de skolor som inom utsatt tid anm\u00e4l lag till 2026 \u00e5rs karnevalen, om n\u00e4r vi \u00f6nskar att deras lagsammans\u00e4ttningar skall vara inmatade. Det kommer precis som 2025 att vara m\u00f6jligt att uppdatera sina lagsammans\u00e4ttningar p\u00e5 torsdagen f\u00f6re sj\u00e4lva karnevalen och \u00e4ven att vara m\u00f6jligt att uppdatera sammans\u00e4ttningarna p\u00e5 t\u00e4vlingskansliet p\u00e5 olympiastadion.<\/p>\n\n\n\n<p>V\u00e4mligen bekanta er med den korta guiden till systemet. Den finns i slutet p\u00e5 denna sida.<\/p>\n\n\n\n<p>Anm\u00e4lningstj\u00e4nsten hittar du h\u00e4r:<\/p>\n\n\n\n<p class=\"has-large-font-size\"><a href=\"https:\/\/stafapp.stafettkarnevalen.fi\/\" target=\"_blank\" rel=\"noreferrer noopener\"><strong>stafapp.stafettkarnevalen.fi<\/strong><\/a><\/p>\n\n\n\n<p><a href=\"https:\/\/stafapp2.stafettkarnevalen.fi\/tidtabeller\/minutschema\">Prelimin\u00e4rt minutprogrammet f\u00f6r \u00e5r 2026<\/a> <br><\/p>\n\n\n\n<div data-wp-interactive=\"core\/file\" class=\"wp-block-file\"><object data-wp-bind--hidden=\"!state.hasPdfPreview\" hidden class=\"wp-block-file__embed\" data=\"http:\/\/www.stafettkarnevalen.fi\/wp-content\/uploads\/2025\/03\/Kort-guid-for-att-komma-igang-med-Stafapp-2.pdf\" type=\"application\/pdf\" style=\"width:100%;height:600px\" aria-label=\"Inb\u00e4ddning av Kort guid f\u00f6r att komma ig\u00e5ng med Stafapp 2.\"><\/object><a id=\"wp-block-file--media-6598fcd6-429d-4a83-b3ec-f602c21b5286\" href=\"http:\/\/www.stafettkarnevalen.fi\/wp-content\/uploads\/2025\/03\/Kort-guid-for-att-komma-igang-med-Stafapp-2.pdf\">Kort guid f\u00f6r att komma ig\u00e5ng med Stafapp 2<\/a><a href=\"http:\/\/www.stafettkarnevalen.fi\/wp-content\/uploads\/2025\/03\/Kort-guid-for-att-komma-igang-med-Stafapp-2.pdf\" class=\"wp-block-file__button wp-element-button\" download aria-describedby=\"wp-block-file--media-6598fcd6-429d-4a83-b3ec-f602c21b5286\">Ladda ner<\/a><\/div>\n\n\n\n<p><\/p>\n","protected":false},"excerpt":{"rendered":"<p>Anm\u00e4lningstj\u00e4nsten \u00f6ppnar 27.3.2026. Laganm\u00e4lningarna och best\u00e4llningar av mat och logi skall vara inmatade senast p\u00e5 s\u00f6ndag 19.4.2026. Vi meddelar de[&#8230;]<\/p>\n","protected":false},"author":2,"featured_media":0,"parent":0,"menu_order":0,"comment_status":"closed","ping_status":"closed","template":"","meta":{"footnotes":""},"class_list":["post-19","page","type-page","status-publish","hentry"],"_links":{"self":[{"href":"https:\/\/www.stafettkarnevalen.fi\/index.php?rest_route=\/wp\/v2\/pages\/19","targetHints":{"allow":["GET"]}}],"collection":[{"href":"https:\/\/www.stafettkarnevalen.fi\/index.php?rest_route=\/wp\/v2\/pages"}],"about":[{"href":"https:\/\/www.stafettkarnevalen.fi\/index.php?rest_route=\/wp\/v2\/types\/page"}],"author":[{"embeddable":true,"href":"https:\/\/www.stafettkarnevalen.fi\/index.php?rest_route=\/wp\/v2\/users\/2"}],"replies":[{"embeddable":true,"href":"https:\/\/www.stafettkarnevalen.fi\/index.php?rest_route=%2Fwp%2Fv2%2Fcomments&post=19"}],"version-history":[{"count":21,"href":"https:\/\/www.stafettkarnevalen.fi\/index.php?rest_route=\/wp\/v2\/pages\/19\/revisions"}],"predecessor-version":[{"id":838,"href":"https:\/\/www.stafettkarnevalen.fi\/index.php?rest_route=\/wp\/v2\/pages\/19\/revisions\/838"}],"wp:attachment":[{"href":"https:\/\/www.stafettkarnevalen.fi\/index.php?rest_route=%2Fwp%2Fv2%2Fmedia&parent=19"}],"curies":[{"name":"wp","href":"https:\/\/api.w.org\/{rel}","templated":true}]}}