{"id":45,"date":"2024-05-15T09:33:18","date_gmt":"2024-05-15T06:33:18","guid":{"rendered":"http:\/\/31.217.193.150\/~stafettk\/?page_id=45"},"modified":"2026-04-20T13:04:45","modified_gmt":"2026-04-20T10:04:45","slug":"startsida","status":"publish","type":"page","link":"https:\/\/www.stafettkarnevalen.fi\/","title":{"rendered":"Startsida"},"content":{"rendered":"\n<h2 class=\"wp-block-heading has-medium-font-size\"><strong>Stafettkarnevalen 2026 i Helsingfors arrangeras 22-23.5.2026 p\u00e5 Olympiastadion<\/strong>. \u00c5r 2026 arrangeras Stafettkarnevalen f\u00f6r 64:e g\u00e5ngen.<\/h2>\n\n\n\n<hr class=\"wp-block-separator has-alpha-channel-opacity\"\/>\n\n\n\n<h1 class=\"wp-block-heading has-text-align-center has-medium-font-size\"><strong>Aktuellt<\/strong><\/h1>\n\n\n\n<div class=\"wp-block-query is-layout-flow wp-block-query-is-layout-flow\"><ul class=\"wp-block-post-template is-layout-flow wp-block-post-template-is-layout-flow\"><li class=\"wp-block-post post-855 post type-post status-publish format-standard hentry category-uncategorized\">\n\n<div class=\"wp-block-group\" style=\"padding-right:0px;padding-bottom:0;padding-left:0px\"><div class=\"wp-block-group__inner-container is-layout-flow wp-block-group-is-layout-flow\"><h2 class=\"wp-block-post-title\"><a href=\"https:\/\/www.stafettkarnevalen.fi\/?p=855\" target=\"_self\" >Stafettkarnevalen sl\u00e5r rekord, igen!<\/a><\/h2>\n\n<div class=\"wp-block-post-excerpt\"><p class=\"wp-block-post-excerpt__excerpt\">F\u00f6r 64:e g\u00e5ngen samlas skolelever fr\u00e5n hela Svenskfinland till Stafettkarnevalen. Den 22-23 maj 2026 f\u00f6rvandlas Olympiastadion i Helsingfors till en[&#8230;] <\/p><\/div>\n\n<div class=\"wp-block-post-date\"><time datetime=\"2026-04-27T09:44:10+03:00\">27.04.2026<\/time><\/div><\/div><\/div>\n\n<\/li><li class=\"wp-block-post post-842 post type-post status-publish format-standard has-post-thumbnail hentry category-uncategorized\">\n\n<div class=\"wp-block-group\" style=\"padding-right:0px;padding-bottom:0;padding-left:0px\"><div class=\"wp-block-group__inner-container is-layout-flow wp-block-group-is-layout-flow\"><h2 class=\"wp-block-post-title\"><a href=\"https:\/\/www.stafettkarnevalen.fi\/?p=842\" target=\"_self\" >OBS! OBS! OBS!<\/a><\/h2>\n\n<div class=\"wp-block-post-excerpt\"><p class=\"wp-block-post-excerpt__excerpt\">EVENEMANGSBAND F\u00f6r att \u00f6ka p\u00e5 s\u00e4kerhetsarrangemangen inf\u00f6r vi i \u00e5r ett evenemangsband f\u00f6r de elever och lagledare som skall ha[&#8230;] <\/p><\/div>\n\n<div class=\"wp-block-post-date\"><time datetime=\"2026-04-17T12:28:42+03:00\">17.04.2026<\/time><\/div><\/div><\/div>\n\n<\/li><li class=\"wp-block-post post-766 post type-post status-publish format-standard has-post-thumbnail hentry category-stafettkarnevalen-2026\">\n\n<div class=\"wp-block-group\" style=\"padding-right:0px;padding-bottom:0;padding-left:0px\"><div class=\"wp-block-group__inner-container is-layout-flow wp-block-group-is-layout-flow\"><h2 class=\"wp-block-post-title\"><a href=\"https:\/\/www.stafettkarnevalen.fi\/?p=766\" target=\"_self\" >Resebidrag &#8211; Stafettkarnevalen 2026<\/a><\/h2>\n\n<div class=\"wp-block-post-excerpt\"><p class=\"wp-block-post-excerpt__excerpt\">Nu lanserar Svenska kulturfonden ett nytt bidrag f\u00f6r alla skolor som vill delta i Stafettkarnevalen.&nbsp; \u2013 Stafettkarnevalen \u00e4r ett av[&#8230;] <\/p><\/div>\n\n<div class=\"wp-block-post-date\"><time datetime=\"2025-08-16T19:41:03+03:00\">16.08.2025<\/time><\/div><\/div><\/div>\n\n<\/li><li class=\"wp-block-post post-758 post type-post status-publish format-standard has-post-thumbnail hentry category-stafettkarnevalen-2025\">\n\n<div class=\"wp-block-group\" style=\"padding-right:0px;padding-bottom:0;padding-left:0px\"><div class=\"wp-block-group__inner-container is-layout-flow wp-block-group-is-layout-flow\"><h2 class=\"wp-block-post-title\"><a href=\"https:\/\/www.stafettkarnevalen.fi\/?p=758\" target=\"_self\" >Borttappade saker under karnevalen<\/a><\/h2>\n\n<div class=\"wp-block-post-excerpt\"><p class=\"wp-block-post-excerpt__excerpt\">Det blev en hel del skor kvarl\u00e4mnade p\u00e5 Olympiastadion, tillsammans med kepsar och kl\u00e4der i olika storlek och form. Vi[&#8230;] <\/p><\/div>\n\n<div class=\"wp-block-post-date\"><time datetime=\"2025-05-28T11:45:00+03:00\">28.05.2025<\/time><\/div><\/div><\/div>\n\n<\/li><li class=\"wp-block-post post-729 post type-post status-publish format-standard hentry category-uncategorized\">\n\n<div class=\"wp-block-group\" style=\"padding-right:0px;padding-bottom:0;padding-left:0px\"><div class=\"wp-block-group__inner-container is-layout-flow wp-block-group-is-layout-flow\"><h2 class=\"wp-block-post-title\"><a href=\"https:\/\/www.stafettkarnevalen.fi\/?p=729\" target=\"_self\" >Stafettkarnevalens b\u00e4sta hejarramsa \u2013 \u00c5rskurs 7-9 &amp; andra stadiet<\/a><\/h2>\n\n<div class=\"wp-block-post-excerpt\"><p class=\"wp-block-post-excerpt__excerpt\">Stafettkarnevalens traditionella hejarramset\u00e4vling, d\u00e4r texten i ramsorna har f\u00e5tt t\u00e4vla sinsemellan har avgjorts. T\u00e4vlingen indelades i tv\u00e5 klasser: \u00e5k 1-6[&#8230;] <\/p><\/div>\n\n<div class=\"wp-block-post-date\"><time datetime=\"2025-05-27T22:46:47+03:00\">27.05.2025<\/time><\/div><\/div><\/div>\n\n<\/li><li class=\"wp-block-post post-726 post type-post status-publish format-standard hentry category-stafettkarnevalen-2025\">\n\n<div class=\"wp-block-group\" style=\"padding-right:0px;padding-bottom:0;padding-left:0px\"><div class=\"wp-block-group__inner-container is-layout-flow wp-block-group-is-layout-flow\"><h2 class=\"wp-block-post-title\"><a href=\"https:\/\/www.stafettkarnevalen.fi\/?p=726\" target=\"_self\" >Stafettkarnevalens b\u00e4sta hejarklack \u2013 \u00e5rskurs 7-9 &amp; andra stadiet, \u00f6ver 25 deltagare<\/a><\/h2>\n\n<div class=\"wp-block-post-excerpt\"><p class=\"wp-block-post-excerpt__excerpt\">I t\u00e4vlingen \u00c5rets hejarklack \u00e5rskurs 7-9 &amp; andra stadiet, \u00f6ver 25 deltagare deltog 13 skolor. Vinnare 2025 \u00e4r Borgaregatans skola.&nbsp;[&#8230;] <\/p><\/div>\n\n<div class=\"wp-block-post-date\"><time datetime=\"2025-05-27T22:45:32+03:00\">27.05.2025<\/time><\/div><\/div><\/div>\n\n<\/li><\/ul><\/div>\n\n\n\n<p><a href=\"https:\/\/www.stafettkarnevalen.fi\/?page_id=562\" data-type=\"page\" data-id=\"562\">H\u00e4r hittar du alla inl\u00e4gg<\/a><\/p>\n","protected":false},"excerpt":{"rendered":"<p>Stafettkarnevalen 2026 i Helsingfors arrangeras 22-23.5.2026 p\u00e5 Olympiastadion. \u00c5r 2026 arrangeras Stafettkarnevalen f\u00f6r 64:e g\u00e5ngen. Aktuellt H\u00e4r hittar du alla[&#8230;]<\/p>\n","protected":false},"author":2,"featured_media":0,"parent":0,"menu_order":0,"comment_status":"closed","ping_status":"closed","template":"","meta":{"footnotes":""},"class_list":["post-45","page","type-page","status-publish","hentry"],"_links":{"self":[{"href":"https:\/\/www.stafettkarnevalen.fi\/index.php?rest_route=\/wp\/v2\/pages\/45","targetHints":{"allow":["GET"]}}],"collection":[{"href":"https:\/\/www.stafettkarnevalen.fi\/index.php?rest_route=\/wp\/v2\/pages"}],"about":[{"href":"https:\/\/www.stafettkarnevalen.fi\/index.php?rest_route=\/wp\/v2\/types\/page"}],"author":[{"embeddable":true,"href":"https:\/\/www.stafettkarnevalen.fi\/index.php?rest_route=\/wp\/v2\/users\/2"}],"replies":[{"embeddable":true,"href":"https:\/\/www.stafettkarnevalen.fi\/index.php?rest_route=%2Fwp%2Fv2%2Fcomments&post=45"}],"version-history":[{"count":20,"href":"https:\/\/www.stafettkarnevalen.fi\/index.php?rest_route=\/wp\/v2\/pages\/45\/revisions"}],"predecessor-version":[{"id":848,"href":"https:\/\/www.stafettkarnevalen.fi\/index.php?rest_route=\/wp\/v2\/pages\/45\/revisions\/848"}],"wp:attachment":[{"href":"https:\/\/www.stafettkarnevalen.fi\/index.php?rest_route=%2Fwp%2Fv2%2Fmedia&parent=45"}],"curies":[{"name":"wp","href":"https:\/\/api.w.org\/{rel}","templated":true}]}}